{"id":48,"date":"2020-06-03T18:40:26","date_gmt":"2020-06-03T18:40:26","guid":{"rendered":"https:\/\/nayarahangaroa.com\/en\/?page_id=48"},"modified":"2024-06-14T20:50:35","modified_gmt":"2024-06-14T20:50:35","slug":"explore","status":"publish","type":"page","link":"https:\/\/nayarahangaroa.com\/es\/explore\/","title":{"rendered":"Explore"},"content":{"rendered":"","protected":false},"excerpt":{"rendered":"","protected":false},"author":2,"featured_media":0,"parent":0,"menu_order":0,"comment_status":"closed","ping_status":"closed","template":"templates\/explore.php","meta":[],"yoast_head":"<!-- This site is optimized with the Yoast SEO plugin v20.5 - https:\/\/yoast.com\/wordpress\/plugins\/seo\/ -->\n<title>Nayara Hangaroa | Explore | Easter Island, Chile | Leading Hotels of the World<\/title>\n<meta name=\"description\" content=\"Sentado en la Isla de Pascua con su enigm\u00e1tica energ\u00eda ancestral y su civilizaci\u00f3n hist\u00f3rica envuelta en misterio, Nayara Hangaroa ofrece a los hu\u00e9spedes la oportunidad de descubrir la isla.\" \/>\n<meta name=\"robots\" content=\"index, follow, max-snippet:-1, max-image-preview:large, max-video-preview:-1\" \/>\n<link rel=\"canonical\" href=\"https:\/\/nayarahangaroa.com\/es\/explore\/\" \/>\n<meta property=\"og:locale\" content=\"es_ES\" \/>\n<meta property=\"og:type\" content=\"article\" \/>\n<meta property=\"og:title\" content=\"Nayara Hangaroa | Explore | Easter Island, Chile | Leading Hotels of the World\" \/>\n<meta property=\"og:description\" content=\"Sentado en la Isla de Pascua con su enigm\u00e1tica energ\u00eda ancestral y su civilizaci\u00f3n hist\u00f3rica envuelta en misterio, Nayara Hangaroa ofrece a los hu\u00e9spedes la oportunidad de descubrir la isla.\" \/>\n<meta property=\"og:url\" content=\"https:\/\/nayarahangaroa.com\/es\/explore\/\" \/>\n<meta property=\"og:site_name\" content=\"Nayara Hangaroa\" \/>\n<meta property=\"article:modified_time\" content=\"2024-06-14T20:50:35+00:00\" \/>\n<meta name=\"twitter:card\" content=\"summary_large_image\" \/>\n<script type=\"application\/ld+json\" class=\"yoast-schema-graph\">{\"@context\":\"https:\/\/schema.org\",\"@graph\":[{\"@type\":\"WebPage\",\"@id\":\"https:\/\/nayarahangaroa.com\/es\/explore\/\",\"url\":\"https:\/\/nayarahangaroa.com\/es\/explore\/\",\"name\":\"Nayara Hangaroa | Explore | Easter Island, Chile | Leading Hotels of the World\",\"isPartOf\":{\"@id\":\"https:\/\/nayarahangaroa.com\/es\/#website\"},\"datePublished\":\"2020-06-03T18:40:26+00:00\",\"dateModified\":\"2024-06-14T20:50:35+00:00\",\"description\":\"Sentado en la Isla de Pascua con su enigm\u00e1tica energ\u00eda ancestral y su civilizaci\u00f3n hist\u00f3rica envuelta en misterio, Nayara Hangaroa ofrece a los hu\u00e9spedes la oportunidad de descubrir la isla.\",\"breadcrumb\":{\"@id\":\"https:\/\/nayarahangaroa.com\/es\/explore\/#breadcrumb\"},\"inLanguage\":\"es\",\"potentialAction\":[{\"@type\":\"ReadAction\",\"target\":[\"https:\/\/nayarahangaroa.com\/es\/explore\/\"]}]},{\"@type\":\"BreadcrumbList\",\"@id\":\"https:\/\/nayarahangaroa.com\/es\/explore\/#breadcrumb\",\"itemListElement\":[{\"@type\":\"ListItem\",\"position\":1,\"name\":\"Home\",\"item\":\"https:\/\/nayarahangaroa.com\/es\/\"},{\"@type\":\"ListItem\",\"position\":2,\"name\":\"Explore\"}]},{\"@type\":\"WebSite\",\"@id\":\"https:\/\/nayarahangaroa.com\/es\/#website\",\"url\":\"https:\/\/nayarahangaroa.com\/es\/\",\"name\":\"Nayara Hangaroa\",\"description\":\"\",\"potentialAction\":[{\"@type\":\"SearchAction\",\"target\":{\"@type\":\"EntryPoint\",\"urlTemplate\":\"https:\/\/nayarahangaroa.com\/es\/?s={search_term_string}\"},\"query-input\":\"required name=search_term_string\"}],\"inLanguage\":\"es\"}]}<\/script>\n<!-- \/ Yoast SEO plugin. -->","yoast_head_json":{"title":"Nayara Hangaroa | Explore | Easter Island, Chile | Leading Hotels of the World","description":"Sentado en la Isla de Pascua con su enigm\u00e1tica energ\u00eda ancestral y su civilizaci\u00f3n hist\u00f3rica envuelta en misterio, Nayara Hangaroa ofrece a los hu\u00e9spedes la oportunidad de descubrir la isla.","robots":{"index":"index","follow":"follow","max-snippet":"max-snippet:-1","max-image-preview":"max-image-preview:large","max-video-preview":"max-video-preview:-1"},"canonical":"https:\/\/nayarahangaroa.com\/es\/explore\/","og_locale":"es_ES","og_type":"article","og_title":"Nayara Hangaroa | Explore | Easter Island, Chile | Leading Hotels of the World","og_description":"Sentado en la Isla de Pascua con su enigm\u00e1tica energ\u00eda ancestral y su civilizaci\u00f3n hist\u00f3rica envuelta en misterio, Nayara Hangaroa ofrece a los hu\u00e9spedes la oportunidad de descubrir la isla.","og_url":"https:\/\/nayarahangaroa.com\/es\/explore\/","og_site_name":"Nayara Hangaroa","article_modified_time":"2024-06-14T20:50:35+00:00","twitter_card":"summary_large_image","schema":{"@context":"https:\/\/schema.org","@graph":[{"@type":"WebPage","@id":"https:\/\/nayarahangaroa.com\/es\/explore\/","url":"https:\/\/nayarahangaroa.com\/es\/explore\/","name":"Nayara Hangaroa | Explore | Easter Island, Chile | Leading Hotels of the World","isPartOf":{"@id":"https:\/\/nayarahangaroa.com\/es\/#website"},"datePublished":"2020-06-03T18:40:26+00:00","dateModified":"2024-06-14T20:50:35+00:00","description":"Sentado en la Isla de Pascua con su enigm\u00e1tica energ\u00eda ancestral y su civilizaci\u00f3n hist\u00f3rica envuelta en misterio, Nayara Hangaroa ofrece a los hu\u00e9spedes la oportunidad de descubrir la isla.","breadcrumb":{"@id":"https:\/\/nayarahangaroa.com\/es\/explore\/#breadcrumb"},"inLanguage":"es","potentialAction":[{"@type":"ReadAction","target":["https:\/\/nayarahangaroa.com\/es\/explore\/"]}]},{"@type":"BreadcrumbList","@id":"https:\/\/nayarahangaroa.com\/es\/explore\/#breadcrumb","itemListElement":[{"@type":"ListItem","position":1,"name":"Home","item":"https:\/\/nayarahangaroa.com\/es\/"},{"@type":"ListItem","position":2,"name":"Explore"}]},{"@type":"WebSite","@id":"https:\/\/nayarahangaroa.com\/es\/#website","url":"https:\/\/nayarahangaroa.com\/es\/","name":"Nayara Hangaroa","description":"","potentialAction":[{"@type":"SearchAction","target":{"@type":"EntryPoint","urlTemplate":"https:\/\/nayarahangaroa.com\/es\/?s={search_term_string}"},"query-input":"required name=search_term_string"}],"inLanguage":"es"}]}},"_links":{"self":[{"href":"https:\/\/nayarahangaroa.com\/es\/wp-json\/wp\/v2\/pages\/48"}],"collection":[{"href":"https:\/\/nayarahangaroa.com\/es\/wp-json\/wp\/v2\/pages"}],"about":[{"href":"https:\/\/nayarahangaroa.com\/es\/wp-json\/wp\/v2\/types\/page"}],"author":[{"embeddable":true,"href":"https:\/\/nayarahangaroa.com\/es\/wp-json\/wp\/v2\/users\/2"}],"replies":[{"embeddable":true,"href":"https:\/\/nayarahangaroa.com\/es\/wp-json\/wp\/v2\/comments?post=48"}],"version-history":[{"count":88,"href":"https:\/\/nayarahangaroa.com\/es\/wp-json\/wp\/v2\/pages\/48\/revisions"}],"predecessor-version":[{"id":2081,"href":"https:\/\/nayarahangaroa.com\/es\/wp-json\/wp\/v2\/pages\/48\/revisions\/2081"}],"wp:attachment":[{"href":"https:\/\/nayarahangaroa.com\/es\/wp-json\/wp\/v2\/media?parent=48"}],"curies":[{"name":"wp","href":"https:\/\/api.w.org\/{rel}","templated":true}]}}